{"id":5,"date":"2017-03-02T09:39:16","date_gmt":"2017-03-02T09:39:16","guid":{"rendered":"https:\/\/k3kbiz.wordpress.com\/?page_id=5"},"modified":"2024-07-09T12:29:04","modified_gmt":"2024-07-09T10:29:04","slug":"inicio","status":"publish","type":"page","link":"https:\/\/k3k.biz\/","title":{"rendered":"K3K Servicios S.L."},"content":{"rendered":"<p>Es una Empresa que aporta m\u00e1s de 40 a\u00f1os de experiencia en el sector de la <strong><span style=\"color: #993366;\">COMPARTIMENTACI\u00d3N DE OFICINAS Y EQUIPAMIENTO DE AREAS DE TRABAJO.<\/span><\/strong><\/p>\n<p>K3K Servicios S.L es una empresa flexible, que ha sabido adaptarse a las necesidades de sus clientes, incorporando las novedades y productos de vanguardia que el mercado nos ofrece, consiguiendo ser garant\u00eda de satisfacci\u00f3n para sus clientes, gracias a su equipo humano, compuesto por profesionales entregados con vocaci\u00f3n a cada uno de los proyectos que desarrollan.<\/p>\n","protected":false},"excerpt":{"rendered":"<p>Este es el extracto de la p\u00e1gina de inicio<\/p>\n","protected":false},"author":1,"featured_media":0,"parent":0,"menu_order":1,"comment_status":"closed","ping_status":"closed","template":"","meta":{"footnotes":""},"class_list":["post-5","page","type-page","status-publish","hentry"],"_links":{"self":[{"href":"https:\/\/k3k.biz\/index.php\/wp-json\/wp\/v2\/pages\/5","targetHints":{"allow":["GET"]}}],"collection":[{"href":"https:\/\/k3k.biz\/index.php\/wp-json\/wp\/v2\/pages"}],"about":[{"href":"https:\/\/k3k.biz\/index.php\/wp-json\/wp\/v2\/types\/page"}],"author":[{"embeddable":true,"href":"https:\/\/k3k.biz\/index.php\/wp-json\/wp\/v2\/users\/1"}],"replies":[{"embeddable":true,"href":"https:\/\/k3k.biz\/index.php\/wp-json\/wp\/v2\/comments?post=5"}],"version-history":[{"count":8,"href":"https:\/\/k3k.biz\/index.php\/wp-json\/wp\/v2\/pages\/5\/revisions"}],"predecessor-version":[{"id":682,"href":"https:\/\/k3k.biz\/index.php\/wp-json\/wp\/v2\/pages\/5\/revisions\/682"}],"wp:attachment":[{"href":"https:\/\/k3k.biz\/index.php\/wp-json\/wp\/v2\/media?parent=5"}],"curies":[{"name":"wp","href":"https:\/\/api.w.org\/{rel}","templated":true}]}}