{"id":489,"date":"2017-03-13T13:39:00","date_gmt":"2017-03-13T13:39:00","guid":{"rendered":"https:\/\/k3kbiz.wordpress.com\/?page_id=452"},"modified":"2017-03-16T14:11:42","modified_gmt":"2017-03-16T14:11:42","slug":"aviso-legal-y-privacidad","status":"publish","type":"page","link":"https:\/\/k3k.biz\/index.php\/aviso-legal-y-privacidad\/","title":{"rendered":"Aviso Legal y Privacidad"},"content":{"rendered":"<p>Aviso Legal y Privacidad.<\/p>\n<p>De acuerdo con la Ley Org\u00e1nica 15\/1999, de 13 de diciembre, de Protecci\u00f3n de Datos de Car\u00e1cter Personal (en adelante \u00abLOPD\u00bb). \u00a0K3K SERVICIOS S.L. como titular de esta p\u00e1gina web pone a disposici\u00f3n de los usuarios la siguiente informaci\u00f3n de car\u00e1cter general:<\/p>\n<p>K3K Servicios S.L., es una Sociedad Limitada inscrita en el Registro Mercantil de Bilbao, en el Tomo 5452, Folio 9, Hoja BI-64054, Inscripci\u00f3n 1\u00aa<\/p>\n<p>Sus datos identificativos son:<\/p>\n<p><strong>K3K SERVICIOS S.L.<\/strong><br \/>\nCIF: B95761219<br \/>\nC\/ Lauaxeta Olerkaria 52 A- Pabell\u00f3n. 5<br \/>\n48100\u00a0 MUNGIA &#8211; BIZKAIA<br \/>\nTel\u00e9fono: 946 524 700 \u00a0 \u00a0 \u00a0 \u00a0 \u00a0 \u00a0 \u00a0 \u00a0 \u00a0 \u00a0 \u00a0 \u00a0 \u00a0 \u00a0 \u00a0 \u00a0 \u00a0 \u00a0 \u00a0 \u00a0 \u00a0 \u00a0 \u00a0 \u00a0 \u00a0 \u00a0 \u00a0 \u00a0 \u00a0 \u00a0 \u00a0 \u00a0 \u00a0 \u00a0 \u00a0 \u00a0 \u00a0 \u00a0 \u00a0 \u00a0 \u00a0 \u00a0 \u00a0 \u00a0 \u00a0 \u00a0 \u00a0 \u00a0 \u00a0 \u00a0 \u00a0 \u00a0 \u00a0 \u00a0 \u00a0 \u00a0 \u00a0 \u00a0 info@k3k.biz<\/p>\n<p><strong>Condiciones de uso:<\/strong><\/p>\n<p>ACCESO A LA P\u00c1GINA WEB: \u00a0 \u00a0 \u00a0 \u00a0 \u00a0 \u00a0 \u00a0 \u00a0 \u00a0 \u00a0 \u00a0 \u00a0 \u00a0 \u00a0 \u00a0 \u00a0 \u00a0 \u00a0 \u00a0 \u00a0\u00a0 \u00a0 \u00a0 \u00a0 \u00a0 \u00a0 \u00a0 \u00a0 \u00a0 \u00a0 \u00a0 \u00a0 \u00a0 \u00a0 \u00a0 \u00a0 \u00a0 \u00a0 \u00a0 \u00a0 \u00a0 \u00a0 \u00a0 \u00a0 \u00a0\u00a0 \u00a0 \u00a0 \u00a0 \u00a0 \u00a0 \u00a0 \u00a0 \u00a0 \u00a0 \u00a0 \u00a0 \u00a0 \u00a0 \u00a0 \u00a0 \u00a0 \u00a0 \u00a0 Las condiciones de acceso a esta p\u00e1gina web son las que se especifican a continuaci\u00f3n. Se permite el acceso libre y gratuito a toda la informaci\u00f3n que se contiene en el sitio web.<\/p>\n<p>MODIFICACIONES DE LA P\u00c1GINA E INTERRUPCIONES O ERRORES EN EL ACCESO: \u00a0 \u00a0 \u00a0 \u00a0 \u00a0 \u00a0 \u00a0 \u00a0 \u00a0 \u00a0 \u00a0 K3K SERVICIOS S.L. se reserva la facultad de efectuar, en cualquier momento y sin necesidad de previo aviso, modificaciones y actualizaciones de la informaci\u00f3n contenida en la p\u00e1gina web, de la configuraci\u00f3n y presentaci\u00f3n de \u00e9sta y de las condiciones de acceso. De igual modo, K3K SERVICIOS S.L., no garantiza en ning\u00fan caso la disponibilidad y continuidad del funcionamiento de la p\u00e1gina web y de los servicios, que pueden sufrir interrupciones por causas ajenas a la empresa. En la medida en que sea posible se advertir\u00e1, con antelaci\u00f3n, de cualquier tipo de interrupci\u00f3n en el funcionamiento que pueda sufrir la p\u00e1gina web. K3K SERVICIOS S.L., se exime de cualquier responsabilidad por los da\u00f1os y perjuicios que la falta de disponibilidad de la p\u00e1gina web pueda causar a sus usuarios o clientes.<\/p>\n<p>PROTECCI\u00d3N DE DATOS PERSONALES Y EMPLEO DE COOKIES: \u00a0 \u00a0 \u00a0 \u00a0 \u00a0 \u00a0 \u00a0 \u00a0 \u00a0 \u00a0 \u00a0 \u00a0 \u00a0 \u00a0 \u00a0 \u00a0 \u00a0 \u00a0 \u00a0 \u00a0 \u00a0 \u00a0 \u00a0 \u00a0 \u00a0 \u00a0 Los datos personales que se recogen a trav\u00e9s de esta p\u00e1gina web son tratados, de conformidad con las exigencias de la Ley Org\u00e1nica 15\/1999, de 13 de diciembre, de Protecci\u00f3n de Datos de Car\u00e1cter Personal. En esta p\u00e1gina web no se utilizan Cookies durante la navegaci\u00f3n que usted realice a trav\u00e9s de ella.<\/p>\n<p>PROPIEDAD INTELECTUAL E INDUSTRIAL: \u00a0 \u00a0 \u00a0 \u00a0 \u00a0 \u00a0 \u00a0 \u00a0 \u00a0 \u00a0 \u00a0 \u00a0 \u00a0\u00a0 \u00a0 \u00a0 \u00a0 \u00a0 \u00a0 \u00a0 \u00a0 \u00a0 \u00a0 \u00a0 \u00a0 \u00a0 \u00a0 \u00a0 \u00a0 \u00a0 \u00a0 \u00a0 \u00a0 \u00a0 \u00a0 \u00a0 \u00a0 \u00a0 \u00a0 \u00a0\u00a0 \u00a0 \u00a0 \u00a0 \u00a0 \u00a0 \u00a0 \u00a0 \u00a0 \u00a0 El contenido de la p\u00e1gina web, im\u00e1genes, textos y datos, son propiedad de K3K SERVICIOS S.L., y s\u00f3lo a ella le corresponde el ejercicio exclusivo de los derechos de explotaci\u00f3n de los mismos en cualquier forma, y en especial los derechos de reproducci\u00f3n, distribuci\u00f3n, comunicaci\u00f3n p\u00fablica y transformaci\u00f3n que s\u00f3lo podr\u00e1n realizarse con el previo consentimiento de los responsables de este portal. Todo este material est\u00e1 protegido por la legislaci\u00f3n de la propiedad intelectual y su uso indebido puede ser objeto de sanciones.<\/p>\n<p>&nbsp;<\/p>\n<p>&nbsp;<\/p>\n<p>&nbsp;<\/p>\n","protected":false},"excerpt":{"rendered":"<p>Aviso Legal y Privacidad. De acuerdo con la Ley Org\u00e1nica 15\/1999, de 13 de diciembre, de Protecci\u00f3n de Datos de Car\u00e1cter Personal (en adelante \u00abLOPD\u00bb). \u00a0K3K SERVICIOS S.L. como titular de esta p\u00e1gina web pone a disposici\u00f3n de los usuarios la siguiente informaci\u00f3n de car\u00e1cter general: K3K Servicios S.L., es una Sociedad Limitada inscrita en &hellip; <a href=\"https:\/\/k3k.biz\/index.php\/aviso-legal-y-privacidad\/\" class=\"more-link\">Seguir leyendo <span class=\"screen-reader-text\">Aviso Legal y Privacidad<\/span> <span class=\"meta-nav\">&rarr;<\/span><\/a><\/p>\n","protected":false},"author":1,"featured_media":0,"parent":0,"menu_order":0,"comment_status":"closed","ping_status":"closed","template":"","meta":{"footnotes":""},"class_list":["post-489","page","type-page","status-publish","hentry"],"_links":{"self":[{"href":"https:\/\/k3k.biz\/index.php\/wp-json\/wp\/v2\/pages\/489","targetHints":{"allow":["GET"]}}],"collection":[{"href":"https:\/\/k3k.biz\/index.php\/wp-json\/wp\/v2\/pages"}],"about":[{"href":"https:\/\/k3k.biz\/index.php\/wp-json\/wp\/v2\/types\/page"}],"author":[{"embeddable":true,"href":"https:\/\/k3k.biz\/index.php\/wp-json\/wp\/v2\/users\/1"}],"replies":[{"embeddable":true,"href":"https:\/\/k3k.biz\/index.php\/wp-json\/wp\/v2\/comments?post=489"}],"version-history":[{"count":3,"href":"https:\/\/k3k.biz\/index.php\/wp-json\/wp\/v2\/pages\/489\/revisions"}],"predecessor-version":[{"id":610,"href":"https:\/\/k3k.biz\/index.php\/wp-json\/wp\/v2\/pages\/489\/revisions\/610"}],"wp:attachment":[{"href":"https:\/\/k3k.biz\/index.php\/wp-json\/wp\/v2\/media?parent=489"}],"curies":[{"name":"wp","href":"https:\/\/api.w.org\/{rel}","templated":true}]}}