{"id":453,"date":"2017-03-10T12:06:52","date_gmt":"2017-03-10T12:06:52","guid":{"rendered":"https:\/\/k3kbiz.wordpress.com\/?page_id=435"},"modified":"2017-03-16T11:35:38","modified_gmt":"2017-03-16T11:35:38","slug":"mamparas-de-oficina","status":"publish","type":"page","link":"https:\/\/k3k.biz\/index.php\/mamparas-de-oficina\/","title":{"rendered":"Mamparas de Oficina"},"content":{"rendered":"<p>A trav\u00e9s de la <strong>Mampara Divisoria<\/strong>, con perfiler\u00eda\u00a0 oculta, fabricada en aluminio y acero, con paneles o vidrio, conseguimos una distribuci\u00f3n inteligente de los espacios de trabajo. Las mamparas divisorias habilitan tanto zonas de que requieren privacidad como zonas que pueden ser trasparentes, logrando as\u00ed un incremento de la funcionalidad y una personalizaci\u00f3n est\u00e9tica del ambiente a trav\u00e9s de la elecci\u00f3n y combinaci\u00f3n de los distintos acabados. Nuestros sistemas de compartimentaci\u00f3n tambi\u00e9n poseen otras grandes ventajas como la reutilizaci\u00f3n. Usted podr\u00e1 redistribuir de nuevo su espacio en cualquier momento aprovechando los m\u00f3dulos usados. Tambi\u00e9n se pueden desmontar e instalarlas en otro lugar<\/p>\n","protected":false},"excerpt":{"rendered":"<p>A trav\u00e9s de la Mampara Divisoria, con perfiler\u00eda\u00a0 oculta, fabricada en aluminio y acero, con paneles o vidrio, conseguimos una distribuci\u00f3n inteligente de los espacios de trabajo. Las mamparas divisorias habilitan tanto zonas de que requieren privacidad como zonas que pueden ser trasparentes, logrando as\u00ed un incremento de la funcionalidad y una personalizaci\u00f3n est\u00e9tica del &hellip; <a href=\"https:\/\/k3k.biz\/index.php\/mamparas-de-oficina\/\" class=\"more-link\">Seguir leyendo <span class=\"screen-reader-text\">Mamparas de Oficina<\/span> <span class=\"meta-nav\">&rarr;<\/span><\/a><\/p>\n","protected":false},"author":1,"featured_media":0,"parent":0,"menu_order":0,"comment_status":"closed","ping_status":"closed","template":"","meta":{"footnotes":""},"class_list":["post-453","page","type-page","status-publish","hentry"],"_links":{"self":[{"href":"https:\/\/k3k.biz\/index.php\/wp-json\/wp\/v2\/pages\/453","targetHints":{"allow":["GET"]}}],"collection":[{"href":"https:\/\/k3k.biz\/index.php\/wp-json\/wp\/v2\/pages"}],"about":[{"href":"https:\/\/k3k.biz\/index.php\/wp-json\/wp\/v2\/types\/page"}],"author":[{"embeddable":true,"href":"https:\/\/k3k.biz\/index.php\/wp-json\/wp\/v2\/users\/1"}],"replies":[{"embeddable":true,"href":"https:\/\/k3k.biz\/index.php\/wp-json\/wp\/v2\/comments?post=453"}],"version-history":[{"count":1,"href":"https:\/\/k3k.biz\/index.php\/wp-json\/wp\/v2\/pages\/453\/revisions"}],"predecessor-version":[{"id":558,"href":"https:\/\/k3k.biz\/index.php\/wp-json\/wp\/v2\/pages\/453\/revisions\/558"}],"wp:attachment":[{"href":"https:\/\/k3k.biz\/index.php\/wp-json\/wp\/v2\/media?parent=453"}],"curies":[{"name":"wp","href":"https:\/\/api.w.org\/{rel}","templated":true}]}}