{"id":220,"date":"2017-03-02T20:19:53","date_gmt":"2017-03-02T20:19:53","guid":{"rendered":"https:\/\/k3kbiz.wordpress.com\/?page_id=220"},"modified":"2017-03-16T14:08:27","modified_gmt":"2017-03-16T14:08:27","slug":"taquillas","status":"publish","type":"page","link":"https:\/\/k3k.biz\/index.php\/taquillas\/","title":{"rendered":"Taquillas y Encimeras"},"content":{"rendered":"<p><strong>Taquillas y encimeras<\/strong> para vestuarios, para f\u00e1bricas y oficinas, para gimnasios y centros escolares, consignas,&#8230; Destacan por su l\u00ednea moderna y econ\u00f3mica, parten de un sistema modular e incorporan una amplia variedad de personalizaciones. Se basan en el uso de tableros compactos fen\u00f3licos estratificados ensamblados mediante herrajes de acero inoxidable. Los acabados son completamente personalizables y con gran variedad de colores y cerraduras.<\/p>\n<p><strong>Detalles T\u00e9cnicos<\/strong><\/p>\n<p><span style=\"color: #993366;\">\u00a0<strong>MELAMINA<\/strong><\/span><\/p>\n<p>Cuerpo de 16 mm y puertas de 19 mm de espesor. Melamina de 120 gr.<\/p>\n<p>FDA (fibra alta densidad)<\/p>\n<p><strong>Cuerpo de taquilla: <\/strong>Material prensado de alta densidad &gt;1.000 kg7m\u00b3 Gramaje color blanco 120 gr. N\u00facleo interior color negro.<\/p>\n<p><strong>Puertas taquilla: <\/strong>Material prensado de alta densidad &gt;1050 kg\/m\u00b3. N\u00facleo interior color negro. Compuesto por 3 barreras de papel kraft previas al papel decorativo y que permite una mayor resistencia al impacto.<\/p>\n<p><span style=\"color: #993366;\"><strong>FEN\u00d3LICO<\/strong><\/span><\/p>\n<p>El compacto fen\u00f3lico es un excelente material, higi\u00e9nicamente seguro, resistente a la humedad, vapor y calor y debido a la ausencia de poros es completamente seguro ante los ataques bacterianos. Es un producto que ofrece larga resistencia y duraci\u00f3n.<\/p>\n<p>Material laminado de alta presi\u00f3n de doble cara decorativa. Densidad del material 1450kg\/m\u00b3. Fabricado a base de resinas fenolicas de alta densidad. N\u00facleo color negro. Material hidr\u00f3fugo y antibacteriano e id\u00f3neo para zonas h\u00famedas.<\/p>\n<p><span style=\"color: #993366;\"><strong>ESTRUCTURA \u00a0B<\/strong><\/span><span style=\"color: #993366;\"><strong>ANCOS<\/strong><\/span><\/p>\n<p>Acero pintado en color gris poli\u00e9ster Qualicoat pintura especial para exterior. Polimerizaci\u00f3n a 200\u00baC ( proceso de la pintura liquida en polvo al pasar a solida).<\/p>\n<p>Estructura INOX calidad AISI-304\u00a0 ( opci\u00f3n AISI-306)<\/p>\n<p><span style=\"color: #993366;\"><strong>HERRAJES<\/strong><\/span><\/p>\n<p>Modelo taquilla melamina torniller\u00eda en acero zincado y bisagras en acero niquelado.<\/p>\n<p>Resto modelos de Taquillas, torniller\u00eda en acero inoxidable A\u201d y bisagras en acero inoxidable AISI-304.<\/p>\n<p>Todos los materiales que utilizamos cumplen la normativa europea<\/p>\n<div id='gallery-1' class='gallery galleryid-220 gallery-columns-1 gallery-size-full'><figure class='gallery-item'>\n\t\t\t<div class='gallery-icon landscape'>\n\t\t\t\t<a href='https:\/\/k3k.biz\/index.php\/taquillas\/foto-taq-3\/'><img loading=\"lazy\" decoding=\"async\" width=\"4032\" height=\"3024\" src=\"https:\/\/k3k.biz\/wp-content\/uploads\/2017\/03\/foto-taq-3.jpg\" class=\"attachment-full size-full\" alt=\"\" srcset=\"https:\/\/k3k.biz\/wp-content\/uploads\/2017\/03\/foto-taq-3.jpg 4032w, https:\/\/k3k.biz\/wp-content\/uploads\/2017\/03\/foto-taq-3-300x225.jpg 300w, https:\/\/k3k.biz\/wp-content\/uploads\/2017\/03\/foto-taq-3-768x576.jpg 768w, https:\/\/k3k.biz\/wp-content\/uploads\/2017\/03\/foto-taq-3-1024x768.jpg 1024w\" sizes=\"auto, (max-width: 4032px) 100vw, 4032px\" \/><\/a>\n\t\t\t<\/div><\/figure><figure class='gallery-item'>\n\t\t\t<div class='gallery-icon portrait'>\n\t\t\t\t<a href='https:\/\/k3k.biz\/index.php\/taquillas\/foto-ta-2\/'><img loading=\"lazy\" decoding=\"async\" width=\"3240\" height=\"4320\" src=\"https:\/\/k3k.biz\/wp-content\/uploads\/2017\/03\/foto-ta-2.jpg\" class=\"attachment-full size-full\" alt=\"\" srcset=\"https:\/\/k3k.biz\/wp-content\/uploads\/2017\/03\/foto-ta-2.jpg 3240w, https:\/\/k3k.biz\/wp-content\/uploads\/2017\/03\/foto-ta-2-225x300.jpg 225w, https:\/\/k3k.biz\/wp-content\/uploads\/2017\/03\/foto-ta-2-768x1024.jpg 768w\" sizes=\"auto, (max-width: 3240px) 100vw, 3240px\" \/><\/a>\n\t\t\t<\/div><\/figure><figure class='gallery-item'>\n\t\t\t<div class='gallery-icon landscape'>\n\t\t\t\t<a href='https:\/\/k3k.biz\/index.php\/taquillas\/foto-taq-1\/'><img loading=\"lazy\" decoding=\"async\" width=\"805\" height=\"487\" src=\"https:\/\/k3k.biz\/wp-content\/uploads\/2017\/03\/foto-taq-1.jpg\" class=\"attachment-full size-full\" alt=\"\" srcset=\"https:\/\/k3k.biz\/wp-content\/uploads\/2017\/03\/foto-taq-1.jpg 805w, https:\/\/k3k.biz\/wp-content\/uploads\/2017\/03\/foto-taq-1-300x181.jpg 300w, https:\/\/k3k.biz\/wp-content\/uploads\/2017\/03\/foto-taq-1-768x465.jpg 768w\" sizes=\"auto, (max-width: 805px) 100vw, 805px\" \/><\/a>\n\t\t\t<\/div><\/figure><figure class='gallery-item'>\n\t\t\t<div class='gallery-icon landscape'>\n\t\t\t\t<a href='https:\/\/k3k.biz\/index.php\/taquillas\/foto-taq-4\/'><img loading=\"lazy\" decoding=\"async\" width=\"4320\" height=\"3240\" src=\"https:\/\/k3k.biz\/wp-content\/uploads\/2017\/03\/foto-taq-4.jpg\" class=\"attachment-full size-full\" alt=\"\" srcset=\"https:\/\/k3k.biz\/wp-content\/uploads\/2017\/03\/foto-taq-4.jpg 4320w, https:\/\/k3k.biz\/wp-content\/uploads\/2017\/03\/foto-taq-4-300x225.jpg 300w, https:\/\/k3k.biz\/wp-content\/uploads\/2017\/03\/foto-taq-4-768x576.jpg 768w, https:\/\/k3k.biz\/wp-content\/uploads\/2017\/03\/foto-taq-4-1024x768.jpg 1024w\" sizes=\"auto, (max-width: 4320px) 100vw, 4320px\" \/><\/a>\n\t\t\t<\/div><\/figure><figure class='gallery-item'>\n\t\t\t<div class='gallery-icon portrait'>\n\t\t\t\t<a href='https:\/\/k3k.biz\/index.php\/taquillas\/foto-taq-5\/'><img loading=\"lazy\" decoding=\"async\" width=\"600\" height=\"800\" src=\"https:\/\/k3k.biz\/wp-content\/uploads\/2017\/03\/foto-taq-5.jpg\" class=\"attachment-full size-full\" alt=\"\" srcset=\"https:\/\/k3k.biz\/wp-content\/uploads\/2017\/03\/foto-taq-5.jpg 600w, https:\/\/k3k.biz\/wp-content\/uploads\/2017\/03\/foto-taq-5-225x300.jpg 225w\" sizes=\"auto, (max-width: 600px) 100vw, 600px\" \/><\/a>\n\t\t\t<\/div><\/figure>\n\t\t<\/div>\n\n<p>&nbsp;<\/p>\n<p><img loading=\"lazy\" decoding=\"async\" class=\"aligncenter wp-image-226 size-full\" src=\"https:\/\/k3k.biz\/wp-content\/uploads\/2017\/03\/ima-taq-1.jpg\" alt=\"ima-taq-1\" width=\"332\" height=\"547\" srcset=\"https:\/\/k3k.biz\/wp-content\/uploads\/2017\/03\/ima-taq-1.jpg 332w, https:\/\/k3k.biz\/wp-content\/uploads\/2017\/03\/ima-taq-1-182x300.jpg 182w\" sizes=\"auto, (max-width: 332px) 100vw, 332px\" \/><\/p>\n<p>&nbsp;<\/p>\n<div id='gallery-2' class='gallery galleryid-220 gallery-columns-3 gallery-size-medium'><figure class='gallery-item'>\n\t\t\t<div class='gallery-icon portrait'>\n\t\t\t\t<a href='https:\/\/k3k.biz\/index.php\/taquillas\/ima-taq-2\/'><img loading=\"lazy\" decoding=\"async\" width=\"100\" height=\"101\" src=\"https:\/\/k3k.biz\/wp-content\/uploads\/2017\/03\/ima-taq-2.jpg\" class=\"attachment-medium size-medium\" alt=\"\" \/><\/a>\n\t\t\t<\/div><\/figure><figure class='gallery-item'>\n\t\t\t<div class='gallery-icon landscape'>\n\t\t\t\t<a href='https:\/\/k3k.biz\/index.php\/taquillas\/ima-taq-3\/'><img loading=\"lazy\" decoding=\"async\" width=\"112\" height=\"110\" src=\"https:\/\/k3k.biz\/wp-content\/uploads\/2017\/03\/ima-taq-3.jpg\" class=\"attachment-medium size-medium\" alt=\"\" \/><\/a>\n\t\t\t<\/div><\/figure><figure class='gallery-item'>\n\t\t\t<div class='gallery-icon landscape'>\n\t\t\t\t<a href='https:\/\/k3k.biz\/index.php\/taquillas\/ima-taq-4\/'><img loading=\"lazy\" decoding=\"async\" width=\"112\" height=\"112\" src=\"https:\/\/k3k.biz\/wp-content\/uploads\/2017\/03\/ima-taq-4.jpg\" class=\"attachment-medium size-medium\" alt=\"\" srcset=\"https:\/\/k3k.biz\/wp-content\/uploads\/2017\/03\/ima-taq-4.jpg 112w, https:\/\/k3k.biz\/wp-content\/uploads\/2017\/03\/ima-taq-4-100x100.jpg 100w\" sizes=\"auto, (max-width: 112px) 100vw, 112px\" \/><\/a>\n\t\t\t<\/div><\/figure><figure class='gallery-item'>\n\t\t\t<div class='gallery-icon portrait'>\n\t\t\t\t<a href='https:\/\/k3k.biz\/index.php\/taquillas\/ima-taq-8\/'><img loading=\"lazy\" decoding=\"async\" width=\"104\" height=\"106\" src=\"https:\/\/k3k.biz\/wp-content\/uploads\/2017\/03\/ima-taq-8.jpg\" class=\"attachment-medium size-medium\" alt=\"\" \/><\/a>\n\t\t\t<\/div><\/figure><figure class='gallery-item'>\n\t\t\t<div class='gallery-icon landscape'>\n\t\t\t\t<a href='https:\/\/k3k.biz\/index.php\/taquillas\/ima-taq-5\/'><img loading=\"lazy\" decoding=\"async\" width=\"108\" height=\"103\" src=\"https:\/\/k3k.biz\/wp-content\/uploads\/2017\/03\/ima-taq-5.jpg\" class=\"attachment-medium size-medium\" alt=\"\" \/><\/a>\n\t\t\t<\/div><\/figure><figure class='gallery-item'>\n\t\t\t<div class='gallery-icon portrait'>\n\t\t\t\t<a href='https:\/\/k3k.biz\/index.php\/taquillas\/ima-taq-6\/'><img loading=\"lazy\" decoding=\"async\" width=\"104\" height=\"105\" src=\"https:\/\/k3k.biz\/wp-content\/uploads\/2017\/03\/ima-taq-6.jpg\" class=\"attachment-medium size-medium\" alt=\"\" srcset=\"https:\/\/k3k.biz\/wp-content\/uploads\/2017\/03\/ima-taq-6.jpg 104w, https:\/\/k3k.biz\/wp-content\/uploads\/2017\/03\/ima-taq-6-100x100.jpg 100w\" sizes=\"auto, (max-width: 104px) 100vw, 104px\" \/><\/a>\n\t\t\t<\/div><\/figure><figure class='gallery-item'>\n\t\t\t<div class='gallery-icon landscape'>\n\t\t\t\t<a href='https:\/\/k3k.biz\/index.php\/taquillas\/ima-taq-7\/'><img loading=\"lazy\" decoding=\"async\" width=\"104\" height=\"99\" src=\"https:\/\/k3k.biz\/wp-content\/uploads\/2017\/03\/ima-taq-7.jpg\" class=\"attachment-medium size-medium\" alt=\"\" \/><\/a>\n\t\t\t<\/div><\/figure><figure class='gallery-item'>\n\t\t\t<div class='gallery-icon landscape'>\n\t\t\t\t<a href='https:\/\/k3k.biz\/index.php\/taquillas\/ima-taq-9\/'><img loading=\"lazy\" decoding=\"async\" width=\"112\" height=\"109\" src=\"https:\/\/k3k.biz\/wp-content\/uploads\/2017\/03\/ima-taq-9.jpg\" class=\"attachment-medium size-medium\" alt=\"\" \/><\/a>\n\t\t\t<\/div><\/figure>\n\t\t<\/div>\n\n<div id='gallery-3' class='gallery galleryid-220 gallery-columns-1 gallery-size-large'><figure class='gallery-item'>\n\t\t\t<div class='gallery-icon portrait'>\n\t\t\t\t<a href='https:\/\/k3k.biz\/index.php\/taquillas\/foto-enc-4\/'><img loading=\"lazy\" decoding=\"async\" width=\"600\" height=\"800\" src=\"https:\/\/k3k.biz\/wp-content\/uploads\/2017\/03\/foto-enc-4.jpg\" class=\"attachment-large size-large\" alt=\"\" srcset=\"https:\/\/k3k.biz\/wp-content\/uploads\/2017\/03\/foto-enc-4.jpg 600w, https:\/\/k3k.biz\/wp-content\/uploads\/2017\/03\/foto-enc-4-225x300.jpg 225w\" sizes=\"auto, (max-width: 600px) 100vw, 600px\" \/><\/a>\n\t\t\t<\/div><\/figure><figure class='gallery-item'>\n\t\t\t<div class='gallery-icon landscape'>\n\t\t\t\t<a href='https:\/\/k3k.biz\/index.php\/taquillas\/foto-enc-5-2\/'><img loading=\"lazy\" decoding=\"async\" width=\"600\" height=\"401\" src=\"https:\/\/k3k.biz\/wp-content\/uploads\/2017\/03\/foto-enc-5-1.jpg\" class=\"attachment-large size-large\" alt=\"\" srcset=\"https:\/\/k3k.biz\/wp-content\/uploads\/2017\/03\/foto-enc-5-1.jpg 600w, https:\/\/k3k.biz\/wp-content\/uploads\/2017\/03\/foto-enc-5-1-300x201.jpg 300w\" sizes=\"auto, (max-width: 600px) 100vw, 600px\" \/><\/a>\n\t\t\t<\/div><\/figure><figure class='gallery-item'>\n\t\t\t<div class='gallery-icon landscape'>\n\t\t\t\t<a href='https:\/\/k3k.biz\/index.php\/taquillas\/foto-enc-3\/'><img loading=\"lazy\" decoding=\"async\" width=\"468\" height=\"277\" src=\"https:\/\/k3k.biz\/wp-content\/uploads\/2017\/03\/foto-enc-3.jpg\" class=\"attachment-large size-large\" alt=\"\" srcset=\"https:\/\/k3k.biz\/wp-content\/uploads\/2017\/03\/foto-enc-3.jpg 468w, https:\/\/k3k.biz\/wp-content\/uploads\/2017\/03\/foto-enc-3-300x178.jpg 300w\" sizes=\"auto, (max-width: 468px) 100vw, 468px\" \/><\/a>\n\t\t\t<\/div><\/figure><figure class='gallery-item'>\n\t\t\t<div class='gallery-icon landscape'>\n\t\t\t\t<a href='https:\/\/k3k.biz\/index.php\/taquillas\/foto-enc-2-2\/'><img loading=\"lazy\" decoding=\"async\" width=\"450\" height=\"275\" src=\"https:\/\/k3k.biz\/wp-content\/uploads\/2017\/03\/foto-enc-2-1.jpg\" class=\"attachment-large size-large\" alt=\"\" srcset=\"https:\/\/k3k.biz\/wp-content\/uploads\/2017\/03\/foto-enc-2-1.jpg 450w, https:\/\/k3k.biz\/wp-content\/uploads\/2017\/03\/foto-enc-2-1-300x183.jpg 300w\" sizes=\"auto, (max-width: 450px) 100vw, 450px\" \/><\/a>\n\t\t\t<\/div><\/figure>\n\t\t<\/div>\n\n","protected":false},"excerpt":{"rendered":"<p>Taquillas y encimeras para vestuarios, para f\u00e1bricas y oficinas, para gimnasios y centros escolares, consignas,&#8230; Destacan por su l\u00ednea moderna y econ\u00f3mica, parten de un sistema modular e incorporan una amplia variedad de personalizaciones. Se basan en el uso de tableros compactos fen\u00f3licos estratificados ensamblados mediante herrajes de acero inoxidable. Los acabados son completamente personalizables &hellip; <a href=\"https:\/\/k3k.biz\/index.php\/taquillas\/\" class=\"more-link\">Seguir leyendo <span class=\"screen-reader-text\">Taquillas y Encimeras<\/span> <span class=\"meta-nav\">&rarr;<\/span><\/a><\/p>\n","protected":false},"author":1,"featured_media":0,"parent":0,"menu_order":0,"comment_status":"closed","ping_status":"closed","template":"","meta":{"footnotes":""},"class_list":["post-220","page","type-page","status-publish","hentry"],"_links":{"self":[{"href":"https:\/\/k3k.biz\/index.php\/wp-json\/wp\/v2\/pages\/220","targetHints":{"allow":["GET"]}}],"collection":[{"href":"https:\/\/k3k.biz\/index.php\/wp-json\/wp\/v2\/pages"}],"about":[{"href":"https:\/\/k3k.biz\/index.php\/wp-json\/wp\/v2\/types\/page"}],"author":[{"embeddable":true,"href":"https:\/\/k3k.biz\/index.php\/wp-json\/wp\/v2\/users\/1"}],"replies":[{"embeddable":true,"href":"https:\/\/k3k.biz\/index.php\/wp-json\/wp\/v2\/comments?post=220"}],"version-history":[{"count":7,"href":"https:\/\/k3k.biz\/index.php\/wp-json\/wp\/v2\/pages\/220\/revisions"}],"predecessor-version":[{"id":577,"href":"https:\/\/k3k.biz\/index.php\/wp-json\/wp\/v2\/pages\/220\/revisions\/577"}],"wp:attachment":[{"href":"https:\/\/k3k.biz\/index.php\/wp-json\/wp\/v2\/media?parent=220"}],"curies":[{"name":"wp","href":"https:\/\/api.w.org\/{rel}","templated":true}]}}